{"id":62,"date":"2025-01-04T09:05:48","date_gmt":"2025-01-04T09:05:48","guid":{"rendered":"https:\/\/coaching-schulungen-basel.ch\/?page_id=62"},"modified":"2026-02-07T11:14:55","modified_gmt":"2026-02-07T11:14:55","slug":"ueber-mich","status":"publish","type":"page","link":"https:\/\/coaching-schulungen-basel.ch\/?page_id=62","title":{"rendered":"\u00dcber mich"},"content":{"rendered":"\t\t<div data-elementor-type=\"wp-page\" data-elementor-id=\"62\" class=\"elementor elementor-62\">\n\t\t\t\t<div class=\"elementor-element elementor-element-10d0578 e-flex e-con-boxed e-con e-parent\" data-id=\"10d0578\" data-element_type=\"container\" data-e-type=\"container\">\n\t\t\t\t\t<div class=\"e-con-inner\">\n\t\t\t\t<div class=\"elementor-element elementor-element-c46f417 elementor-widget elementor-widget-heading\" data-id=\"c46f417\" data-element_type=\"widget\" data-e-type=\"widget\" data-widget_type=\"heading.default\">\n\t\t\t\t<div class=\"elementor-widget-container\">\n\t\t\t\t\t<h1 class=\"elementor-heading-title elementor-size-default\">Sabine  Waelti - deine Coach in Basel<\/h1>\t\t\t\t<\/div>\n\t\t\t\t<\/div>\n\t\t\t\t<div class=\"elementor-element elementor-element-8c4ab5f elementor-widget elementor-widget-image\" data-id=\"8c4ab5f\" data-element_type=\"widget\" data-e-type=\"widget\" data-widget_type=\"image.default\">\n\t\t\t\t<div class=\"elementor-widget-container\">\n\t\t\t\t\t\t\t\t\t\t\t\t\t\t\t<img fetchpriority=\"high\" decoding=\"async\" width=\"736\" height=\"1024\" src=\"https:\/\/coaching-schulungen-basel.ch\/wp-content\/uploads\/2025\/02\/Sabine_Waelti-736x1024.jpg\" class=\"attachment-large size-large wp-image-529\" alt=\"\" srcset=\"https:\/\/coaching-schulungen-basel.ch\/wp-content\/uploads\/2025\/02\/Sabine_Waelti-736x1024.jpg 736w, https:\/\/coaching-schulungen-basel.ch\/wp-content\/uploads\/2025\/02\/Sabine_Waelti-216x300.jpg 216w, https:\/\/coaching-schulungen-basel.ch\/wp-content\/uploads\/2025\/02\/Sabine_Waelti-768x1068.jpg 768w, https:\/\/coaching-schulungen-basel.ch\/wp-content\/uploads\/2025\/02\/Sabine_Waelti-1105x1536.jpg 1105w, https:\/\/coaching-schulungen-basel.ch\/wp-content\/uploads\/2025\/02\/Sabine_Waelti.jpg 1132w\" sizes=\"(max-width: 736px) 100vw, 736px\" \/>\t\t\t\t\t\t\t\t\t\t\t\t\t\t\t<\/div>\n\t\t\t\t<\/div>\n\t\t\t\t<div class=\"elementor-element elementor-element-af7d80d elementor-widget elementor-widget-heading\" data-id=\"af7d80d\" data-element_type=\"widget\" data-e-type=\"widget\" data-widget_type=\"heading.default\">\n\t\t\t\t<div class=\"elementor-widget-container\">\n\t\t\t\t\t<h2 class=\"elementor-heading-title elementor-size-default\">Beruflicher Hintergrund<\/h2>\t\t\t\t<\/div>\n\t\t\t\t<\/div>\n\t\t\t\t\t<\/div>\n\t\t\t\t<\/div>\n\t\t<div class=\"elementor-element elementor-element-89536fc e-flex e-con-boxed e-con e-parent\" data-id=\"89536fc\" data-element_type=\"container\" data-e-type=\"container\">\n\t\t\t\t\t<div class=\"e-con-inner\">\n\t\t\t\t<div class=\"elementor-element elementor-element-ddd5bcf elementor-widget elementor-widget-text-editor\" data-id=\"ddd5bcf\" data-element_type=\"widget\" data-e-type=\"widget\" data-widget_type=\"text-editor.default\">\n\t\t\t\t<div class=\"elementor-widget-container\">\n\t\t\t\t\t\t\t\t\t<ul><li>Coach, Sozialp\u00e4dagogin und Ausbildnerin SVEB1<\/li><li>HR-Fachfrau mit diversen Weiterbildungen<\/li><li>Journalistin und Kaufm\u00e4nnische Angestellte mit diversen Marketing-Weiterbildungen<\/li><li>Langj\u00e4hrige Berufserfahrung in F\u00fchrungs-, Organisationsentwicklungs-, Beratungs-, Ausbildungs- und Begleitungsrollen<\/li><li>Langj\u00e4hrige Erfahrung als HR-Leiterin und im Bereich von unterschiedlichsten Herausforderungen und Fragestellungen im Arbeitskontext<\/li><\/ul>\t\t\t\t\t\t\t\t<\/div>\n\t\t\t\t<\/div>\n\t\t\t\t<div class=\"elementor-element elementor-element-351e02a elementor-widget elementor-widget-heading\" data-id=\"351e02a\" data-element_type=\"widget\" data-e-type=\"widget\" data-widget_type=\"heading.default\">\n\t\t\t\t<div class=\"elementor-widget-container\">\n\t\t\t\t\t<h2 class=\"elementor-heading-title elementor-size-default\">Was meine Arbeit auszeichnet<\/h2>\t\t\t\t<\/div>\n\t\t\t\t<\/div>\n\t\t\t\t<div class=\"elementor-element elementor-element-f13c799 elementor-widget elementor-widget-text-editor\" data-id=\"f13c799\" data-element_type=\"widget\" data-e-type=\"widget\" data-widget_type=\"text-editor.default\">\n\t\t\t\t<div class=\"elementor-widget-container\">\n\t\t\t\t\t\t\t\t\t<ul><li><strong>Empathie und l\u00f6sungsorientiertes Coachen<\/strong>: Ich lege grossen Wert darauf, den Coachees empathisch zu begegnen und ihnen Raum f\u00fcr ihre Anliegen zu geben. Gleichzeitig zeichnet mich meine L\u00f6sungsorientiertheit aus sowie meine F\u00e4higkeit, den \u00dcberblick zu behalten.<\/li><li><strong>Herz f\u00fcr Unkonventionelles:<\/strong> Beim Coachen ist es mir wichtig, einen Raum zu bieten, auch unkonventionelle Ideen zu \u00e4ussern, zu leben und gemeinsam mit den Coachees Wege zu deren Realisierbarkeit zu pr\u00fcfen. Ich bin der festen \u00dcberzeugung, dass es viel mehr Lebenswege-M\u00f6glichkeiten gibt, als dies gesellschaftlich auf den ersten Blick und auch zweiten Blick ersichtlich ist.<\/li><li><strong>Potenzial der Zwischent\u00f6ne:<\/strong> Ich bin der Ansicht, dass wir in unserer Gesellschaft oft zu sehr in einer Ganz-oder-gar-nicht- beziehungsweise Schwarz-Weiss-Haltung verhaftet sind. Dabei liegt oft in den Zwischent\u00f6nen grosses Potenzial. Auch wenn beispielsweise ein Herzenswunsch vielleicht nicht oder noch nicht 1:1 umgesetzt werden kann, entfalten oft schon Teil-Schritte in seine Richtung grosse Wirkung. Mir ist es wichtig, meine Kund:innen so zu coachen, dass sie sowohl den Raum erhalten, Schwieriges zu benennen, als auch in Herausforderungen und Problemen Ressourcen erkennen zu k\u00f6nnen.\u00a0<\/li><li><strong>Raum der M\u00f6glichkeiten erweitern<\/strong>: Vielleicht stehst du vor einer Entscheidung, bei der du nur wenige Optionen siehst, von denen sich noch keine richtig gut anf\u00fchlt. Gerne erm\u00f6gliche ich in meinen Coachings den Raum, den Blick zu weiten und neuen L\u00f6sungsans\u00e4tzen Platz zu geben.<\/li><\/ul><p><a href=\"https:\/\/coaching-schulungen-basel.ch\/?page_id=64\"><span style=\"text-decoration: underline;\"><em>Du suchst eine Coach in Basel? Ich freue mich auf deine unverbindliche Kontaktaufnahme.<\/em><\/span><\/a><\/p>\t\t\t\t\t\t\t\t<\/div>\n\t\t\t\t<\/div>\n\t\t\t\t\t<\/div>\n\t\t\t\t<\/div>\n\t\t\t\t<\/div>\n\t\t","protected":false},"excerpt":{"rendered":"<p>Sabine Waelti &#8211; deine Coach in Basel Beruflicher Hintergrund Coach, Sozialp\u00e4dagogin und Ausbildnerin SVEB1 HR-Fachfrau mit diversen Weiterbildungen Journalistin und Kaufm\u00e4nnische Angestellte mit diversen Marketing-Weiterbildungen Langj\u00e4hrige Berufserfahrung in F\u00fchrungs-, Organisationsentwicklungs-, Beratungs-, Ausbildungs- und Begleitungsrollen Langj\u00e4hrige Erfahrung als HR-Leiterin und im Bereich von unterschiedlichsten Herausforderungen und Fragestellungen im Arbeitskontext Was meine Arbeit auszeichnet Empathie und l\u00f6sungsorientiertes [&hellip;]<\/p>\n","protected":false},"author":1,"featured_media":0,"parent":0,"menu_order":0,"comment_status":"closed","ping_status":"closed","template":"","meta":{"ocean_post_layout":"full-screen","ocean_both_sidebars_style":"","ocean_both_sidebars_content_width":0,"ocean_both_sidebars_sidebars_width":0,"ocean_sidebar":"","ocean_second_sidebar":"","ocean_disable_margins":"enable","ocean_add_body_class":"","ocean_shortcode_before_top_bar":"","ocean_shortcode_after_top_bar":"","ocean_shortcode_before_header":"","ocean_shortcode_after_header":"","ocean_has_shortcode":"","ocean_shortcode_after_title":"","ocean_shortcode_before_footer_widgets":"","ocean_shortcode_after_footer_widgets":"","ocean_shortcode_before_footer_bottom":"","ocean_shortcode_after_footer_bottom":"","ocean_display_top_bar":"off","ocean_display_header":"default","ocean_header_style":"","ocean_center_header_left_menu":"","ocean_custom_header_template":"","ocean_custom_logo":556,"ocean_custom_retina_logo":0,"ocean_custom_logo_max_width":0,"ocean_custom_logo_tablet_max_width":0,"ocean_custom_logo_mobile_max_width":0,"ocean_custom_logo_max_height":0,"ocean_custom_logo_tablet_max_height":0,"ocean_custom_logo_mobile_max_height":0,"ocean_header_custom_menu":"","ocean_menu_typo_font_family":"","ocean_menu_typo_font_subset":"","ocean_menu_typo_font_size":0,"ocean_menu_typo_font_size_tablet":0,"ocean_menu_typo_font_size_mobile":0,"ocean_menu_typo_font_size_unit":"px","ocean_menu_typo_font_weight":"","ocean_menu_typo_font_weight_tablet":"","ocean_menu_typo_font_weight_mobile":"","ocean_menu_typo_transform":"","ocean_menu_typo_transform_tablet":"","ocean_menu_typo_transform_mobile":"","ocean_menu_typo_line_height":0,"ocean_menu_typo_line_height_tablet":0,"ocean_menu_typo_line_height_mobile":0,"ocean_menu_typo_line_height_unit":"","ocean_menu_typo_spacing":0,"ocean_menu_typo_spacing_tablet":0,"ocean_menu_typo_spacing_mobile":0,"ocean_menu_typo_spacing_unit":"","ocean_menu_link_color":"","ocean_menu_link_color_hover":"","ocean_menu_link_color_active":"","ocean_menu_link_background":"","ocean_menu_link_hover_background":"","ocean_menu_link_active_background":"","ocean_menu_social_links_bg":"","ocean_menu_social_hover_links_bg":"","ocean_menu_social_links_color":"","ocean_menu_social_hover_links_color":"","ocean_disable_title":"on","ocean_disable_heading":"default","ocean_post_title":"","ocean_post_subheading":"","ocean_post_title_style":"","ocean_post_title_background_color":"","ocean_post_title_background":0,"ocean_post_title_bg_image_position":"","ocean_post_title_bg_image_attachment":"","ocean_post_title_bg_image_repeat":"","ocean_post_title_bg_image_size":"","ocean_post_title_height":0,"ocean_post_title_bg_overlay":0.5,"ocean_post_title_bg_overlay_color":"","ocean_disable_breadcrumbs":"default","ocean_breadcrumbs_color":"","ocean_breadcrumbs_separator_color":"","ocean_breadcrumbs_links_color":"","ocean_breadcrumbs_links_hover_color":"","ocean_display_footer_widgets":"off","ocean_display_footer_bottom":"off","ocean_custom_footer_template":"","footnotes":""},"class_list":["post-62","page","type-page","status-publish","hentry","entry"],"yoast_head":"<!-- This site is optimized with the Yoast SEO plugin v27.2 - https:\/\/yoast.com\/product\/yoast-seo-wordpress\/ -->\n<title>\u00dcber mich - Coaching-Schulungen-Basel<\/title>\n<meta name=\"robots\" content=\"index, follow, max-snippet:-1, max-image-preview:large, max-video-preview:-1\" \/>\n<link rel=\"canonical\" href=\"https:\/\/coaching-schulungen-basel.ch\/?page_id=62\" \/>\n<meta property=\"og:locale\" content=\"de_DE\" \/>\n<meta property=\"og:type\" content=\"article\" \/>\n<meta property=\"og:title\" content=\"\u00dcber mich - Coaching-Schulungen-Basel\" \/>\n<meta property=\"og:description\" content=\"Sabine Waelti &#8211; deine Coach in Basel Beruflicher Hintergrund Coach, Sozialp\u00e4dagogin und Ausbildnerin SVEB1 HR-Fachfrau mit diversen Weiterbildungen Journalistin und Kaufm\u00e4nnische Angestellte mit diversen Marketing-Weiterbildungen Langj\u00e4hrige Berufserfahrung in F\u00fchrungs-, Organisationsentwicklungs-, Beratungs-, Ausbildungs- und Begleitungsrollen Langj\u00e4hrige Erfahrung als HR-Leiterin und im Bereich von unterschiedlichsten Herausforderungen und Fragestellungen im Arbeitskontext Was meine Arbeit auszeichnet Empathie und l\u00f6sungsorientiertes [&hellip;]\" \/>\n<meta property=\"og:url\" content=\"https:\/\/coaching-schulungen-basel.ch\/?page_id=62\" \/>\n<meta property=\"og:site_name\" content=\"Coaching-Schulungen-Basel\" \/>\n<meta property=\"article:modified_time\" content=\"2026-02-07T11:14:55+00:00\" \/>\n<meta property=\"og:image\" content=\"https:\/\/coaching-schulungen-basel.ch\/wp-content\/uploads\/2025\/02\/Sabine_Waelti.jpg\" \/>\n\t<meta property=\"og:image:width\" content=\"1132\" \/>\n\t<meta property=\"og:image:height\" content=\"1574\" \/>\n\t<meta property=\"og:image:type\" content=\"image\/jpeg\" \/>\n<meta name=\"twitter:card\" content=\"summary_large_image\" \/>\n<meta name=\"twitter:label1\" content=\"Gesch\u00e4tzte Lesezeit\" \/>\n\t<meta name=\"twitter:data1\" content=\"2\u00a0Minuten\" \/>\n<script type=\"application\/ld+json\" class=\"yoast-schema-graph\">{\"@context\":\"https:\/\/schema.org\",\"@graph\":[{\"@type\":\"WebPage\",\"@id\":\"https:\/\/coaching-schulungen-basel.ch\/?page_id=62\",\"url\":\"https:\/\/coaching-schulungen-basel.ch\/?page_id=62\",\"name\":\"\u00dcber mich - Coaching-Schulungen-Basel\",\"isPartOf\":{\"@id\":\"https:\/\/coaching-schulungen-basel.ch\/#website\"},\"primaryImageOfPage\":{\"@id\":\"https:\/\/coaching-schulungen-basel.ch\/?page_id=62#primaryimage\"},\"image\":{\"@id\":\"https:\/\/coaching-schulungen-basel.ch\/?page_id=62#primaryimage\"},\"thumbnailUrl\":\"https:\/\/coaching-schulungen-basel.ch\/wp-content\/uploads\/2025\/02\/Sabine_Waelti-736x1024.jpg\",\"datePublished\":\"2025-01-04T09:05:48+00:00\",\"dateModified\":\"2026-02-07T11:14:55+00:00\",\"breadcrumb\":{\"@id\":\"https:\/\/coaching-schulungen-basel.ch\/?page_id=62#breadcrumb\"},\"inLanguage\":\"de-CH\",\"potentialAction\":[{\"@type\":\"ReadAction\",\"target\":[\"https:\/\/coaching-schulungen-basel.ch\/?page_id=62\"]}]},{\"@type\":\"ImageObject\",\"inLanguage\":\"de-CH\",\"@id\":\"https:\/\/coaching-schulungen-basel.ch\/?page_id=62#primaryimage\",\"url\":\"https:\/\/coaching-schulungen-basel.ch\/wp-content\/uploads\/2025\/02\/Sabine_Waelti.jpg\",\"contentUrl\":\"https:\/\/coaching-schulungen-basel.ch\/wp-content\/uploads\/2025\/02\/Sabine_Waelti.jpg\",\"width\":1132,\"height\":1574},{\"@type\":\"BreadcrumbList\",\"@id\":\"https:\/\/coaching-schulungen-basel.ch\/?page_id=62#breadcrumb\",\"itemListElement\":[{\"@type\":\"ListItem\",\"position\":1,\"name\":\"Startseite\",\"item\":\"https:\/\/coaching-schulungen-basel.ch\/\"},{\"@type\":\"ListItem\",\"position\":2,\"name\":\"\u00dcber mich\"}]},{\"@type\":\"WebSite\",\"@id\":\"https:\/\/coaching-schulungen-basel.ch\/#website\",\"url\":\"https:\/\/coaching-schulungen-basel.ch\/\",\"name\":\"Coaching-Schulungen-Basel\",\"description\":\"\",\"publisher\":{\"@id\":\"https:\/\/coaching-schulungen-basel.ch\/#organization\"},\"potentialAction\":[{\"@type\":\"SearchAction\",\"target\":{\"@type\":\"EntryPoint\",\"urlTemplate\":\"https:\/\/coaching-schulungen-basel.ch\/?s={search_term_string}\"},\"query-input\":{\"@type\":\"PropertyValueSpecification\",\"valueRequired\":true,\"valueName\":\"search_term_string\"}}],\"inLanguage\":\"de-CH\"},{\"@type\":\"Organization\",\"@id\":\"https:\/\/coaching-schulungen-basel.ch\/#organization\",\"name\":\"Coaching-Schulungen-Basel\",\"url\":\"https:\/\/coaching-schulungen-basel.ch\/\",\"logo\":{\"@type\":\"ImageObject\",\"inLanguage\":\"de-CH\",\"@id\":\"https:\/\/coaching-schulungen-basel.ch\/#\/schema\/logo\/image\/\",\"url\":\"https:\/\/coaching-schulungen-basel.ch\/wp-content\/uploads\/2025\/01\/cropped-Logo-fuer-Briefkopf-etc-1.png\",\"contentUrl\":\"https:\/\/coaching-schulungen-basel.ch\/wp-content\/uploads\/2025\/01\/cropped-Logo-fuer-Briefkopf-etc-1.png\",\"width\":647,\"height\":341,\"caption\":\"Coaching-Schulungen-Basel\"},\"image\":{\"@id\":\"https:\/\/coaching-schulungen-basel.ch\/#\/schema\/logo\/image\/\"}}]}<\/script>\n<!-- \/ Yoast SEO plugin. -->","yoast_head_json":{"title":"\u00dcber mich - Coaching-Schulungen-Basel","robots":{"index":"index","follow":"follow","max-snippet":"max-snippet:-1","max-image-preview":"max-image-preview:large","max-video-preview":"max-video-preview:-1"},"canonical":"https:\/\/coaching-schulungen-basel.ch\/?page_id=62","og_locale":"de_DE","og_type":"article","og_title":"\u00dcber mich - Coaching-Schulungen-Basel","og_description":"Sabine Waelti &#8211; deine Coach in Basel Beruflicher Hintergrund Coach, Sozialp\u00e4dagogin und Ausbildnerin SVEB1 HR-Fachfrau mit diversen Weiterbildungen Journalistin und Kaufm\u00e4nnische Angestellte mit diversen Marketing-Weiterbildungen Langj\u00e4hrige Berufserfahrung in F\u00fchrungs-, Organisationsentwicklungs-, Beratungs-, Ausbildungs- und Begleitungsrollen Langj\u00e4hrige Erfahrung als HR-Leiterin und im Bereich von unterschiedlichsten Herausforderungen und Fragestellungen im Arbeitskontext Was meine Arbeit auszeichnet Empathie und l\u00f6sungsorientiertes [&hellip;]","og_url":"https:\/\/coaching-schulungen-basel.ch\/?page_id=62","og_site_name":"Coaching-Schulungen-Basel","article_modified_time":"2026-02-07T11:14:55+00:00","og_image":[{"width":1132,"height":1574,"url":"https:\/\/coaching-schulungen-basel.ch\/wp-content\/uploads\/2025\/02\/Sabine_Waelti.jpg","type":"image\/jpeg"}],"twitter_card":"summary_large_image","twitter_misc":{"Gesch\u00e4tzte Lesezeit":"2\u00a0Minuten"},"schema":{"@context":"https:\/\/schema.org","@graph":[{"@type":"WebPage","@id":"https:\/\/coaching-schulungen-basel.ch\/?page_id=62","url":"https:\/\/coaching-schulungen-basel.ch\/?page_id=62","name":"\u00dcber mich - Coaching-Schulungen-Basel","isPartOf":{"@id":"https:\/\/coaching-schulungen-basel.ch\/#website"},"primaryImageOfPage":{"@id":"https:\/\/coaching-schulungen-basel.ch\/?page_id=62#primaryimage"},"image":{"@id":"https:\/\/coaching-schulungen-basel.ch\/?page_id=62#primaryimage"},"thumbnailUrl":"https:\/\/coaching-schulungen-basel.ch\/wp-content\/uploads\/2025\/02\/Sabine_Waelti-736x1024.jpg","datePublished":"2025-01-04T09:05:48+00:00","dateModified":"2026-02-07T11:14:55+00:00","breadcrumb":{"@id":"https:\/\/coaching-schulungen-basel.ch\/?page_id=62#breadcrumb"},"inLanguage":"de-CH","potentialAction":[{"@type":"ReadAction","target":["https:\/\/coaching-schulungen-basel.ch\/?page_id=62"]}]},{"@type":"ImageObject","inLanguage":"de-CH","@id":"https:\/\/coaching-schulungen-basel.ch\/?page_id=62#primaryimage","url":"https:\/\/coaching-schulungen-basel.ch\/wp-content\/uploads\/2025\/02\/Sabine_Waelti.jpg","contentUrl":"https:\/\/coaching-schulungen-basel.ch\/wp-content\/uploads\/2025\/02\/Sabine_Waelti.jpg","width":1132,"height":1574},{"@type":"BreadcrumbList","@id":"https:\/\/coaching-schulungen-basel.ch\/?page_id=62#breadcrumb","itemListElement":[{"@type":"ListItem","position":1,"name":"Startseite","item":"https:\/\/coaching-schulungen-basel.ch\/"},{"@type":"ListItem","position":2,"name":"\u00dcber mich"}]},{"@type":"WebSite","@id":"https:\/\/coaching-schulungen-basel.ch\/#website","url":"https:\/\/coaching-schulungen-basel.ch\/","name":"Coaching-Schulungen-Basel","description":"","publisher":{"@id":"https:\/\/coaching-schulungen-basel.ch\/#organization"},"potentialAction":[{"@type":"SearchAction","target":{"@type":"EntryPoint","urlTemplate":"https:\/\/coaching-schulungen-basel.ch\/?s={search_term_string}"},"query-input":{"@type":"PropertyValueSpecification","valueRequired":true,"valueName":"search_term_string"}}],"inLanguage":"de-CH"},{"@type":"Organization","@id":"https:\/\/coaching-schulungen-basel.ch\/#organization","name":"Coaching-Schulungen-Basel","url":"https:\/\/coaching-schulungen-basel.ch\/","logo":{"@type":"ImageObject","inLanguage":"de-CH","@id":"https:\/\/coaching-schulungen-basel.ch\/#\/schema\/logo\/image\/","url":"https:\/\/coaching-schulungen-basel.ch\/wp-content\/uploads\/2025\/01\/cropped-Logo-fuer-Briefkopf-etc-1.png","contentUrl":"https:\/\/coaching-schulungen-basel.ch\/wp-content\/uploads\/2025\/01\/cropped-Logo-fuer-Briefkopf-etc-1.png","width":647,"height":341,"caption":"Coaching-Schulungen-Basel"},"image":{"@id":"https:\/\/coaching-schulungen-basel.ch\/#\/schema\/logo\/image\/"}}]}},"_links":{"self":[{"href":"https:\/\/coaching-schulungen-basel.ch\/index.php?rest_route=\/wp\/v2\/pages\/62","targetHints":{"allow":["GET"]}}],"collection":[{"href":"https:\/\/coaching-schulungen-basel.ch\/index.php?rest_route=\/wp\/v2\/pages"}],"about":[{"href":"https:\/\/coaching-schulungen-basel.ch\/index.php?rest_route=\/wp\/v2\/types\/page"}],"author":[{"embeddable":true,"href":"https:\/\/coaching-schulungen-basel.ch\/index.php?rest_route=\/wp\/v2\/users\/1"}],"replies":[{"embeddable":true,"href":"https:\/\/coaching-schulungen-basel.ch\/index.php?rest_route=%2Fwp%2Fv2%2Fcomments&post=62"}],"version-history":[{"count":80,"href":"https:\/\/coaching-schulungen-basel.ch\/index.php?rest_route=\/wp\/v2\/pages\/62\/revisions"}],"predecessor-version":[{"id":633,"href":"https:\/\/coaching-schulungen-basel.ch\/index.php?rest_route=\/wp\/v2\/pages\/62\/revisions\/633"}],"wp:attachment":[{"href":"https:\/\/coaching-schulungen-basel.ch\/index.php?rest_route=%2Fwp%2Fv2%2Fmedia&parent=62"}],"curies":[{"name":"wp","href":"https:\/\/api.w.org\/{rel}","templated":true}]}}