{"id":60,"date":"2025-01-04T09:05:11","date_gmt":"2025-01-04T09:05:11","guid":{"rendered":"https:\/\/coaching-schulungen-basel.ch\/?page_id=60"},"modified":"2026-01-30T15:26:40","modified_gmt":"2026-01-30T15:26:40","slug":"fuer-unternehmen-einzel-coaching-fuer-mitarbeitende","status":"publish","type":"page","link":"https:\/\/coaching-schulungen-basel.ch\/?page_id=60","title":{"rendered":"F\u00fcr Unternehmen: Mitarbeitenden-Coaching"},"content":{"rendered":"\t\t<div data-elementor-type=\"wp-page\" data-elementor-id=\"60\" class=\"elementor elementor-60\">\n\t\t\t\t<div class=\"elementor-element elementor-element-40ee9ad e-flex e-con-boxed e-con e-parent\" data-id=\"40ee9ad\" data-element_type=\"container\" data-e-type=\"container\">\n\t\t\t\t\t<div class=\"e-con-inner\">\n\t\t\t\t<div class=\"elementor-element elementor-element-31ccc25 elementor-widget elementor-widget-heading\" data-id=\"31ccc25\" data-element_type=\"widget\" data-e-type=\"widget\" data-widget_type=\"heading.default\">\n\t\t\t\t<div class=\"elementor-widget-container\">\n\t\t\t\t\t<h1 class=\"elementor-heading-title elementor-size-default\">F\u00fcr Unternehmen: Mitarbeitenden-Coaching<\/h1>\t\t\t\t<\/div>\n\t\t\t\t<\/div>\n\t\t\t\t\t<\/div>\n\t\t\t\t<\/div>\n\t\t<div class=\"elementor-element elementor-element-7e91113 e-flex e-con-boxed e-con e-parent\" data-id=\"7e91113\" data-element_type=\"container\" data-e-type=\"container\">\n\t\t\t\t\t<div class=\"e-con-inner\">\n\t\t\t\t<div class=\"elementor-element elementor-element-9ac8110 elementor-widget elementor-widget-text-editor\" data-id=\"9ac8110\" data-element_type=\"widget\" data-e-type=\"widget\" data-widget_type=\"text-editor.default\">\n\t\t\t\t<div class=\"elementor-widget-container\">\n\t\t\t\t\t\t\t\t\t<p>Mein Angebot richtet sich nicht nur an Privatpersonen, sondern auch an Unternehmen, die ihre Mitarbeitenden mit einer externen Begleitung unterst\u00fctzen m\u00f6chten.<\/p><p>Ich helfe Unternehmen dabei, in ihre wertvollste Ressource zu investieren \u2013 ihre Mitarbeitenden. Gerne \u00fcbernehme ich Mandate f\u00fcr Mitarbeitenden-Coaching.<\/p>\t\t\t\t\t\t\t\t<\/div>\n\t\t\t\t<\/div>\n\t\t\t\t<div class=\"elementor-element elementor-element-d60d4b6 elementor-widget elementor-widget-heading\" data-id=\"d60d4b6\" data-element_type=\"widget\" data-e-type=\"widget\" data-widget_type=\"heading.default\">\n\t\t\t\t<div class=\"elementor-widget-container\">\n\t\t\t\t\t<h2 class=\"elementor-heading-title elementor-size-default\">Externes Mitarbeitenden-Coaching - ohne Liefer-Druck<\/h2>\t\t\t\t<\/div>\n\t\t\t\t<\/div>\n\t\t\t\t\t<\/div>\n\t\t\t\t<\/div>\n\t\t<div class=\"elementor-element elementor-element-13105bf e-flex e-con-boxed e-con e-parent\" data-id=\"13105bf\" data-element_type=\"container\" data-e-type=\"container\">\n\t\t\t\t\t<div class=\"e-con-inner\">\n\t\t\t\t<div class=\"elementor-element elementor-element-14bb594 elementor-widget elementor-widget-text-editor\" data-id=\"14bb594\" data-element_type=\"widget\" data-e-type=\"widget\" data-widget_type=\"text-editor.default\">\n\t\t\t\t<div class=\"elementor-widget-container\">\n\t\t\t\t\t\t\t\t\t<p>Aufgrund meiner Erfahrung im HR bin ich der festen \u00dcberzeugung, dass Mitarbeitenden-Coachings nur dann (f\u00fcr beide Seiten!) gewinnbringend sind, wenn die Mitarbeitenden die Themen frei w\u00e4hlen k\u00f6nnen, kein Reporting an den Arbeitgeber \u00fcber Coaching-Inhalte erfolgt und somit keine entsprechende Dreiecksvereinbarung besteht.<\/p><p><span style=\"text-decoration: underline;\"><em><a href=\"https:\/\/coaching-schulungen-basel.ch\/?page_id=64\">Ich freue mich \u00fcber die Kontaktaufnahme von Unternehmen, die \u00fcberzeugt sind, dass ein Coaching, das frei von Liefer- und Reporting-Druck ist, ihre Mitarbeitenden am besten und nachhaltigsten weiterbringt.<\/a><\/em><\/span><\/p>\t\t\t\t\t\t\t\t<\/div>\n\t\t\t\t<\/div>\n\t\t\t\t\t<\/div>\n\t\t\t\t<\/div>\n\t\t\t\t<\/div>\n\t\t","protected":false},"excerpt":{"rendered":"<p>F\u00fcr Unternehmen: Mitarbeitenden-Coaching Mein Angebot richtet sich nicht nur an Privatpersonen, sondern auch an Unternehmen, die ihre Mitarbeitenden mit einer externen Begleitung unterst\u00fctzen m\u00f6chten. Ich helfe Unternehmen dabei, in ihre wertvollste Ressource zu investieren \u2013 ihre Mitarbeitenden. Gerne \u00fcbernehme ich Mandate f\u00fcr Mitarbeitenden-Coaching. Externes Mitarbeitenden-Coaching &#8211; ohne Liefer-Druck Aufgrund meiner Erfahrung im HR bin ich [&hellip;]<\/p>\n","protected":false},"author":1,"featured_media":0,"parent":0,"menu_order":0,"comment_status":"closed","ping_status":"closed","template":"","meta":{"ocean_post_layout":"full-screen","ocean_both_sidebars_style":"","ocean_both_sidebars_content_width":0,"ocean_both_sidebars_sidebars_width":0,"ocean_sidebar":"","ocean_second_sidebar":"","ocean_disable_margins":"enable","ocean_add_body_class":"","ocean_shortcode_before_top_bar":"","ocean_shortcode_after_top_bar":"","ocean_shortcode_before_header":"","ocean_shortcode_after_header":"","ocean_has_shortcode":"","ocean_shortcode_after_title":"","ocean_shortcode_before_footer_widgets":"","ocean_shortcode_after_footer_widgets":"","ocean_shortcode_before_footer_bottom":"","ocean_shortcode_after_footer_bottom":"","ocean_display_top_bar":"off","ocean_display_header":"default","ocean_header_style":"","ocean_center_header_left_menu":"","ocean_custom_header_template":"","ocean_custom_logo":556,"ocean_custom_retina_logo":0,"ocean_custom_logo_max_width":0,"ocean_custom_logo_tablet_max_width":0,"ocean_custom_logo_mobile_max_width":0,"ocean_custom_logo_max_height":0,"ocean_custom_logo_tablet_max_height":0,"ocean_custom_logo_mobile_max_height":0,"ocean_header_custom_menu":"","ocean_menu_typo_font_family":"","ocean_menu_typo_font_subset":"","ocean_menu_typo_font_size":0,"ocean_menu_typo_font_size_tablet":0,"ocean_menu_typo_font_size_mobile":0,"ocean_menu_typo_font_size_unit":"px","ocean_menu_typo_font_weight":"","ocean_menu_typo_font_weight_tablet":"","ocean_menu_typo_font_weight_mobile":"","ocean_menu_typo_transform":"","ocean_menu_typo_transform_tablet":"","ocean_menu_typo_transform_mobile":"","ocean_menu_typo_line_height":0,"ocean_menu_typo_line_height_tablet":0,"ocean_menu_typo_line_height_mobile":0,"ocean_menu_typo_line_height_unit":"","ocean_menu_typo_spacing":0,"ocean_menu_typo_spacing_tablet":0,"ocean_menu_typo_spacing_mobile":0,"ocean_menu_typo_spacing_unit":"","ocean_menu_link_color":"","ocean_menu_link_color_hover":"","ocean_menu_link_color_active":"","ocean_menu_link_background":"","ocean_menu_link_hover_background":"","ocean_menu_link_active_background":"","ocean_menu_social_links_bg":"","ocean_menu_social_hover_links_bg":"","ocean_menu_social_links_color":"","ocean_menu_social_hover_links_color":"","ocean_disable_title":"on","ocean_disable_heading":"default","ocean_post_title":"","ocean_post_subheading":"","ocean_post_title_style":"","ocean_post_title_background_color":"","ocean_post_title_background":0,"ocean_post_title_bg_image_position":"","ocean_post_title_bg_image_attachment":"","ocean_post_title_bg_image_repeat":"","ocean_post_title_bg_image_size":"","ocean_post_title_height":0,"ocean_post_title_bg_overlay":0.5,"ocean_post_title_bg_overlay_color":"","ocean_disable_breadcrumbs":"default","ocean_breadcrumbs_color":"","ocean_breadcrumbs_separator_color":"","ocean_breadcrumbs_links_color":"","ocean_breadcrumbs_links_hover_color":"","ocean_display_footer_widgets":"off","ocean_display_footer_bottom":"off","ocean_custom_footer_template":"","footnotes":""},"class_list":["post-60","page","type-page","status-publish","hentry","entry"],"yoast_head":"<!-- This site is optimized with the Yoast SEO plugin v27.2 - https:\/\/yoast.com\/product\/yoast-seo-wordpress\/ -->\n<title>F\u00fcr Unternehmen: Mitarbeitenden-Coaching - Coaching-Schulungen-Basel<\/title>\n<meta name=\"robots\" content=\"index, follow, max-snippet:-1, max-image-preview:large, max-video-preview:-1\" \/>\n<link rel=\"canonical\" href=\"https:\/\/coaching-schulungen-basel.ch\/?page_id=60\" \/>\n<meta property=\"og:locale\" content=\"de_DE\" \/>\n<meta property=\"og:type\" content=\"article\" \/>\n<meta property=\"og:title\" content=\"F\u00fcr Unternehmen: Mitarbeitenden-Coaching - Coaching-Schulungen-Basel\" \/>\n<meta property=\"og:description\" content=\"F\u00fcr Unternehmen: Mitarbeitenden-Coaching Mein Angebot richtet sich nicht nur an Privatpersonen, sondern auch an Unternehmen, die ihre Mitarbeitenden mit einer externen Begleitung unterst\u00fctzen m\u00f6chten. Ich helfe Unternehmen dabei, in ihre wertvollste Ressource zu investieren \u2013 ihre Mitarbeitenden. Gerne \u00fcbernehme ich Mandate f\u00fcr Mitarbeitenden-Coaching. Externes Mitarbeitenden-Coaching &#8211; ohne Liefer-Druck Aufgrund meiner Erfahrung im HR bin ich [&hellip;]\" \/>\n<meta property=\"og:url\" content=\"https:\/\/coaching-schulungen-basel.ch\/?page_id=60\" \/>\n<meta property=\"og:site_name\" content=\"Coaching-Schulungen-Basel\" \/>\n<meta property=\"article:modified_time\" content=\"2026-01-30T15:26:40+00:00\" \/>\n<meta name=\"twitter:card\" content=\"summary_large_image\" \/>\n<meta name=\"twitter:label1\" content=\"Gesch\u00e4tzte Lesezeit\" \/>\n\t<meta name=\"twitter:data1\" content=\"1\u00a0Minute\" \/>\n<script type=\"application\/ld+json\" class=\"yoast-schema-graph\">{\"@context\":\"https:\/\/schema.org\",\"@graph\":[{\"@type\":\"WebPage\",\"@id\":\"https:\/\/coaching-schulungen-basel.ch\/?page_id=60\",\"url\":\"https:\/\/coaching-schulungen-basel.ch\/?page_id=60\",\"name\":\"F\u00fcr Unternehmen: Mitarbeitenden-Coaching - Coaching-Schulungen-Basel\",\"isPartOf\":{\"@id\":\"https:\/\/coaching-schulungen-basel.ch\/#website\"},\"datePublished\":\"2025-01-04T09:05:11+00:00\",\"dateModified\":\"2026-01-30T15:26:40+00:00\",\"breadcrumb\":{\"@id\":\"https:\/\/coaching-schulungen-basel.ch\/?page_id=60#breadcrumb\"},\"inLanguage\":\"de-CH\",\"potentialAction\":[{\"@type\":\"ReadAction\",\"target\":[\"https:\/\/coaching-schulungen-basel.ch\/?page_id=60\"]}]},{\"@type\":\"BreadcrumbList\",\"@id\":\"https:\/\/coaching-schulungen-basel.ch\/?page_id=60#breadcrumb\",\"itemListElement\":[{\"@type\":\"ListItem\",\"position\":1,\"name\":\"Startseite\",\"item\":\"https:\/\/coaching-schulungen-basel.ch\/\"},{\"@type\":\"ListItem\",\"position\":2,\"name\":\"F\u00fcr Unternehmen: Mitarbeitenden-Coaching\"}]},{\"@type\":\"WebSite\",\"@id\":\"https:\/\/coaching-schulungen-basel.ch\/#website\",\"url\":\"https:\/\/coaching-schulungen-basel.ch\/\",\"name\":\"Coaching-Schulungen-Basel\",\"description\":\"\",\"publisher\":{\"@id\":\"https:\/\/coaching-schulungen-basel.ch\/#organization\"},\"potentialAction\":[{\"@type\":\"SearchAction\",\"target\":{\"@type\":\"EntryPoint\",\"urlTemplate\":\"https:\/\/coaching-schulungen-basel.ch\/?s={search_term_string}\"},\"query-input\":{\"@type\":\"PropertyValueSpecification\",\"valueRequired\":true,\"valueName\":\"search_term_string\"}}],\"inLanguage\":\"de-CH\"},{\"@type\":\"Organization\",\"@id\":\"https:\/\/coaching-schulungen-basel.ch\/#organization\",\"name\":\"Coaching-Schulungen-Basel\",\"url\":\"https:\/\/coaching-schulungen-basel.ch\/\",\"logo\":{\"@type\":\"ImageObject\",\"inLanguage\":\"de-CH\",\"@id\":\"https:\/\/coaching-schulungen-basel.ch\/#\/schema\/logo\/image\/\",\"url\":\"https:\/\/coaching-schulungen-basel.ch\/wp-content\/uploads\/2025\/01\/cropped-Logo-fuer-Briefkopf-etc-1.png\",\"contentUrl\":\"https:\/\/coaching-schulungen-basel.ch\/wp-content\/uploads\/2025\/01\/cropped-Logo-fuer-Briefkopf-etc-1.png\",\"width\":647,\"height\":341,\"caption\":\"Coaching-Schulungen-Basel\"},\"image\":{\"@id\":\"https:\/\/coaching-schulungen-basel.ch\/#\/schema\/logo\/image\/\"}}]}<\/script>\n<!-- \/ Yoast SEO plugin. -->","yoast_head_json":{"title":"F\u00fcr Unternehmen: Mitarbeitenden-Coaching - Coaching-Schulungen-Basel","robots":{"index":"index","follow":"follow","max-snippet":"max-snippet:-1","max-image-preview":"max-image-preview:large","max-video-preview":"max-video-preview:-1"},"canonical":"https:\/\/coaching-schulungen-basel.ch\/?page_id=60","og_locale":"de_DE","og_type":"article","og_title":"F\u00fcr Unternehmen: Mitarbeitenden-Coaching - Coaching-Schulungen-Basel","og_description":"F\u00fcr Unternehmen: Mitarbeitenden-Coaching Mein Angebot richtet sich nicht nur an Privatpersonen, sondern auch an Unternehmen, die ihre Mitarbeitenden mit einer externen Begleitung unterst\u00fctzen m\u00f6chten. Ich helfe Unternehmen dabei, in ihre wertvollste Ressource zu investieren \u2013 ihre Mitarbeitenden. Gerne \u00fcbernehme ich Mandate f\u00fcr Mitarbeitenden-Coaching. Externes Mitarbeitenden-Coaching &#8211; ohne Liefer-Druck Aufgrund meiner Erfahrung im HR bin ich [&hellip;]","og_url":"https:\/\/coaching-schulungen-basel.ch\/?page_id=60","og_site_name":"Coaching-Schulungen-Basel","article_modified_time":"2026-01-30T15:26:40+00:00","twitter_card":"summary_large_image","twitter_misc":{"Gesch\u00e4tzte Lesezeit":"1\u00a0Minute"},"schema":{"@context":"https:\/\/schema.org","@graph":[{"@type":"WebPage","@id":"https:\/\/coaching-schulungen-basel.ch\/?page_id=60","url":"https:\/\/coaching-schulungen-basel.ch\/?page_id=60","name":"F\u00fcr Unternehmen: Mitarbeitenden-Coaching - Coaching-Schulungen-Basel","isPartOf":{"@id":"https:\/\/coaching-schulungen-basel.ch\/#website"},"datePublished":"2025-01-04T09:05:11+00:00","dateModified":"2026-01-30T15:26:40+00:00","breadcrumb":{"@id":"https:\/\/coaching-schulungen-basel.ch\/?page_id=60#breadcrumb"},"inLanguage":"de-CH","potentialAction":[{"@type":"ReadAction","target":["https:\/\/coaching-schulungen-basel.ch\/?page_id=60"]}]},{"@type":"BreadcrumbList","@id":"https:\/\/coaching-schulungen-basel.ch\/?page_id=60#breadcrumb","itemListElement":[{"@type":"ListItem","position":1,"name":"Startseite","item":"https:\/\/coaching-schulungen-basel.ch\/"},{"@type":"ListItem","position":2,"name":"F\u00fcr Unternehmen: Mitarbeitenden-Coaching"}]},{"@type":"WebSite","@id":"https:\/\/coaching-schulungen-basel.ch\/#website","url":"https:\/\/coaching-schulungen-basel.ch\/","name":"Coaching-Schulungen-Basel","description":"","publisher":{"@id":"https:\/\/coaching-schulungen-basel.ch\/#organization"},"potentialAction":[{"@type":"SearchAction","target":{"@type":"EntryPoint","urlTemplate":"https:\/\/coaching-schulungen-basel.ch\/?s={search_term_string}"},"query-input":{"@type":"PropertyValueSpecification","valueRequired":true,"valueName":"search_term_string"}}],"inLanguage":"de-CH"},{"@type":"Organization","@id":"https:\/\/coaching-schulungen-basel.ch\/#organization","name":"Coaching-Schulungen-Basel","url":"https:\/\/coaching-schulungen-basel.ch\/","logo":{"@type":"ImageObject","inLanguage":"de-CH","@id":"https:\/\/coaching-schulungen-basel.ch\/#\/schema\/logo\/image\/","url":"https:\/\/coaching-schulungen-basel.ch\/wp-content\/uploads\/2025\/01\/cropped-Logo-fuer-Briefkopf-etc-1.png","contentUrl":"https:\/\/coaching-schulungen-basel.ch\/wp-content\/uploads\/2025\/01\/cropped-Logo-fuer-Briefkopf-etc-1.png","width":647,"height":341,"caption":"Coaching-Schulungen-Basel"},"image":{"@id":"https:\/\/coaching-schulungen-basel.ch\/#\/schema\/logo\/image\/"}}]}},"_links":{"self":[{"href":"https:\/\/coaching-schulungen-basel.ch\/index.php?rest_route=\/wp\/v2\/pages\/60","targetHints":{"allow":["GET"]}}],"collection":[{"href":"https:\/\/coaching-schulungen-basel.ch\/index.php?rest_route=\/wp\/v2\/pages"}],"about":[{"href":"https:\/\/coaching-schulungen-basel.ch\/index.php?rest_route=\/wp\/v2\/types\/page"}],"author":[{"embeddable":true,"href":"https:\/\/coaching-schulungen-basel.ch\/index.php?rest_route=\/wp\/v2\/users\/1"}],"replies":[{"embeddable":true,"href":"https:\/\/coaching-schulungen-basel.ch\/index.php?rest_route=%2Fwp%2Fv2%2Fcomments&post=60"}],"version-history":[{"count":39,"href":"https:\/\/coaching-schulungen-basel.ch\/index.php?rest_route=\/wp\/v2\/pages\/60\/revisions"}],"predecessor-version":[{"id":619,"href":"https:\/\/coaching-schulungen-basel.ch\/index.php?rest_route=\/wp\/v2\/pages\/60\/revisions\/619"}],"wp:attachment":[{"href":"https:\/\/coaching-schulungen-basel.ch\/index.php?rest_route=%2Fwp%2Fv2%2Fmedia&parent=60"}],"curies":[{"name":"wp","href":"https:\/\/api.w.org\/{rel}","templated":true}]}}