{"id":52,"date":"2025-01-03T18:00:45","date_gmt":"2025-01-03T18:00:45","guid":{"rendered":"https:\/\/coaching-schulungen-basel.ch\/?page_id=52"},"modified":"2025-10-12T12:50:05","modified_gmt":"2025-10-12T12:50:05","slug":"testseite-2","status":"publish","type":"page","link":"https:\/\/coaching-schulungen-basel.ch\/","title":{"rendered":"Home"},"content":{"rendered":"\t\t<div data-elementor-type=\"wp-page\" data-elementor-id=\"52\" class=\"elementor elementor-52\">\n\t\t\t\t<div class=\"elementor-element elementor-element-fcf7041 e-flex e-con-boxed e-con e-parent\" data-id=\"fcf7041\" data-element_type=\"container\" data-e-type=\"container\">\n\t\t\t\t\t<div class=\"e-con-inner\">\n\t\t\t\t<div class=\"elementor-element elementor-element-d5c0b97 elementor-widget elementor-widget-heading\" data-id=\"d5c0b97\" data-element_type=\"widget\" data-e-type=\"widget\" data-widget_type=\"heading.default\">\n\t\t\t\t<div class=\"elementor-widget-container\">\n\t\t\t\t\t<h1 class=\"elementor-heading-title elementor-size-default\">Sabine Waelti Coaching und Schulungen in Basel \u2013 Herzlich willkommen<\/h1>\t\t\t\t<\/div>\n\t\t\t\t<\/div>\n\t\t\t\t\t<\/div>\n\t\t\t\t<\/div>\n\t\t<div class=\"elementor-element elementor-element-bc89b42 e-flex e-con-boxed e-con e-parent\" data-id=\"bc89b42\" data-element_type=\"container\" data-e-type=\"container\">\n\t\t\t\t\t<div class=\"e-con-inner\">\n\t\t\t\t<div class=\"elementor-element elementor-element-397e8ae elementor-widget elementor-widget-image\" data-id=\"397e8ae\" data-element_type=\"widget\" data-e-type=\"widget\" data-widget_type=\"image.default\">\n\t\t\t\t<div class=\"elementor-widget-container\">\n\t\t\t\t\t\t\t\t\t\t\t\t\t\t\t<img fetchpriority=\"high\" decoding=\"async\" width=\"1024\" height=\"415\" src=\"https:\/\/coaching-schulungen-basel.ch\/wp-content\/uploads\/2025\/02\/Sabine_Waelti_Coaching_und_Schulungen-1-1024x415.jpg\" class=\"attachment-large size-large wp-image-551\" alt=\"\" srcset=\"https:\/\/coaching-schulungen-basel.ch\/wp-content\/uploads\/2025\/02\/Sabine_Waelti_Coaching_und_Schulungen-1-1024x415.jpg 1024w, https:\/\/coaching-schulungen-basel.ch\/wp-content\/uploads\/2025\/02\/Sabine_Waelti_Coaching_und_Schulungen-1-300x121.jpg 300w, https:\/\/coaching-schulungen-basel.ch\/wp-content\/uploads\/2025\/02\/Sabine_Waelti_Coaching_und_Schulungen-1-768x311.jpg 768w, https:\/\/coaching-schulungen-basel.ch\/wp-content\/uploads\/2025\/02\/Sabine_Waelti_Coaching_und_Schulungen-1-1536x622.jpg 1536w, https:\/\/coaching-schulungen-basel.ch\/wp-content\/uploads\/2025\/02\/Sabine_Waelti_Coaching_und_Schulungen-1-2048x829.jpg 2048w\" sizes=\"(max-width: 1024px) 100vw, 1024px\" \/>\t\t\t\t\t\t\t\t\t\t\t\t\t\t\t<\/div>\n\t\t\t\t<\/div>\n\t\t\t\t<div class=\"elementor-element elementor-element-2edaf70 elementor-widget elementor-widget-text-editor\" data-id=\"2edaf70\" data-element_type=\"widget\" data-e-type=\"widget\" data-widget_type=\"text-editor.default\">\n\t\t\t\t<div class=\"elementor-widget-container\">\n\t\t\t\t\t\t\t\t\t<p>Du willst beruflich und privat deine Herzens-Anliegen und deine Werte leben k\u00f6nnen? Du m\u00f6chtest das, was dich einzigartig macht, bei deiner Arbeit sowie privat als St\u00e4rke nutzen?<\/p><p>Du findest das nicht immer einfach. Vielleicht, weil deine sensiblen Seiten vordergr\u00fcndig nicht so gefragt scheinen? Oder andere Werte in der Welt lauter vertreten werden als deine? Oder weil die von der Mehrheit gelebten Herangehensweisen und\/oder Lebensentw\u00fcrfe nicht oder nur teilweise dem entsprechen, was du leben m\u00f6chtest?<\/p><p>Bist du auf der Suche nach einem professionellen Coaching in Basel? Vielleicht w\u00fcnschst du dir eine gr\u00f6ssere Ver\u00e4nderung, vielleicht kleine Selbsthilfe-M\u00f6glichkeiten f\u00fcr den Alltag? Vielleicht ist dir noch unklar, in welche Richtung es gehen kann?<\/p>\t\t\t\t\t\t\t\t<\/div>\n\t\t\t\t<\/div>\n\t\t\t\t<div class=\"elementor-element elementor-element-6f1f20b elementor-widget elementor-widget-heading\" data-id=\"6f1f20b\" data-element_type=\"widget\" data-e-type=\"widget\" data-widget_type=\"heading.default\">\n\t\t\t\t<div class=\"elementor-widget-container\">\n\t\t\t\t\t<h2 class=\"elementor-heading-title elementor-size-default\">Mein Coaching-Angebot in Basel<\/h2>\t\t\t\t<\/div>\n\t\t\t\t<\/div>\n\t\t\t\t\t<\/div>\n\t\t\t\t<\/div>\n\t\t<div class=\"elementor-element elementor-element-df3a8a1 e-flex e-con-boxed e-con e-parent\" data-id=\"df3a8a1\" data-element_type=\"container\" data-e-type=\"container\">\n\t\t\t\t\t<div class=\"e-con-inner\">\n\t\t\t\t<div class=\"elementor-element elementor-element-77c2293 elementor-widget elementor-widget-text-editor\" data-id=\"77c2293\" data-element_type=\"widget\" data-e-type=\"widget\" data-widget_type=\"text-editor.default\">\n\t\t\t\t<div class=\"elementor-widget-container\">\n\t\t\t\t\t\t\t\t\t<p>Gerne begleite ich dich auf deinem Weg. M\u00f6chtest du herausfinden, ob ich und meine Coaching-Arbeit zu dir und deinen Fragestellungen passen? <a href=\"https:\/\/coaching-schulungen-basel.ch\/?page_id=64\"><em>Dann freue ich mich \u00fcber deine Kontaktaufnahme.<\/em><\/a><\/p><p><a href=\"https:\/\/coaching-schulungen-basel.ch\/?page_id=56\"><em>Mehr zu meinem Coaching-Angebot findest du hier.<\/em><\/a><\/p><p><a href=\"https:\/\/coaching-schulungen-basel.ch\/?page_id=60\"><em>F\u00fcr Unternehmen: Einzel-Coaching f\u00fcr Mitarbeitende.<\/em><\/a><\/p><p><a href=\"https:\/\/coaching-schulungen-basel.ch\/?page_id=58\"><em>Fachberatung und Schulungen.<\/em><\/a><\/p>\t\t\t\t\t\t\t\t<\/div>\n\t\t\t\t<\/div>\n\t\t\t\t\t<\/div>\n\t\t\t\t<\/div>\n\t\t\t\t<\/div>\n\t\t","protected":false},"excerpt":{"rendered":"<p>Sabine Waelti Coaching und Schulungen in Basel \u2013 Herzlich willkommen Du willst beruflich und privat deine Herzens-Anliegen und deine Werte leben k\u00f6nnen? Du m\u00f6chtest das, was dich einzigartig macht, bei deiner Arbeit sowie privat als St\u00e4rke nutzen? Du findest das nicht immer einfach. Vielleicht, weil deine sensiblen Seiten vordergr\u00fcndig nicht so gefragt scheinen? Oder andere [&hellip;]<\/p>\n","protected":false},"author":1,"featured_media":0,"parent":0,"menu_order":0,"comment_status":"closed","ping_status":"closed","template":"","meta":{"ocean_post_layout":"full-screen","ocean_both_sidebars_style":"","ocean_both_sidebars_content_width":0,"ocean_both_sidebars_sidebars_width":0,"ocean_sidebar":"","ocean_second_sidebar":"","ocean_disable_margins":"enable","ocean_add_body_class":"","ocean_shortcode_before_top_bar":"","ocean_shortcode_after_top_bar":"","ocean_shortcode_before_header":"","ocean_shortcode_after_header":"","ocean_has_shortcode":"","ocean_shortcode_after_title":"","ocean_shortcode_before_footer_widgets":"","ocean_shortcode_after_footer_widgets":"","ocean_shortcode_before_footer_bottom":"","ocean_shortcode_after_footer_bottom":"","ocean_display_top_bar":"off","ocean_display_header":"default","ocean_header_style":"","ocean_center_header_left_menu":"","ocean_custom_header_template":"","ocean_custom_logo":556,"ocean_custom_retina_logo":0,"ocean_custom_logo_max_width":0,"ocean_custom_logo_tablet_max_width":0,"ocean_custom_logo_mobile_max_width":0,"ocean_custom_logo_max_height":0,"ocean_custom_logo_tablet_max_height":0,"ocean_custom_logo_mobile_max_height":0,"ocean_header_custom_menu":"4","ocean_menu_typo_font_family":"Roboto","ocean_menu_typo_font_subset":"","ocean_menu_typo_font_size":0,"ocean_menu_typo_font_size_tablet":0,"ocean_menu_typo_font_size_mobile":0,"ocean_menu_typo_font_size_unit":"px","ocean_menu_typo_font_weight":"","ocean_menu_typo_font_weight_tablet":"","ocean_menu_typo_font_weight_mobile":"","ocean_menu_typo_transform":"","ocean_menu_typo_transform_tablet":"","ocean_menu_typo_transform_mobile":"","ocean_menu_typo_line_height":0,"ocean_menu_typo_line_height_tablet":0,"ocean_menu_typo_line_height_mobile":0,"ocean_menu_typo_line_height_unit":"","ocean_menu_typo_spacing":0,"ocean_menu_typo_spacing_tablet":0,"ocean_menu_typo_spacing_mobile":0,"ocean_menu_typo_spacing_unit":"","ocean_menu_link_color":"","ocean_menu_link_color_hover":"","ocean_menu_link_color_active":"","ocean_menu_link_background":"","ocean_menu_link_hover_background":"","ocean_menu_link_active_background":"","ocean_menu_social_links_bg":"","ocean_menu_social_hover_links_bg":"","ocean_menu_social_links_color":"","ocean_menu_social_hover_links_color":"","ocean_disable_title":"on","ocean_disable_heading":"default","ocean_post_title":"","ocean_post_subheading":"","ocean_post_title_style":"","ocean_post_title_background_color":"","ocean_post_title_background":0,"ocean_post_title_bg_image_position":"","ocean_post_title_bg_image_attachment":"","ocean_post_title_bg_image_repeat":"","ocean_post_title_bg_image_size":"","ocean_post_title_height":0,"ocean_post_title_bg_overlay":0.5,"ocean_post_title_bg_overlay_color":"","ocean_disable_breadcrumbs":"default","ocean_breadcrumbs_color":"","ocean_breadcrumbs_separator_color":"","ocean_breadcrumbs_links_color":"","ocean_breadcrumbs_links_hover_color":"","ocean_display_footer_widgets":"on","ocean_display_footer_bottom":"on","ocean_custom_footer_template":"","footnotes":""},"class_list":["post-52","page","type-page","status-publish","hentry","entry"],"yoast_head":"<!-- This site is optimized with the Yoast SEO plugin v27.2 - https:\/\/yoast.com\/product\/yoast-seo-wordpress\/ -->\n<title>Home - Coaching-Schulungen-Basel<\/title>\n<meta name=\"robots\" content=\"index, follow, max-snippet:-1, max-image-preview:large, max-video-preview:-1\" \/>\n<link rel=\"canonical\" href=\"https:\/\/coaching-schulungen-basel.ch\/\" \/>\n<meta property=\"og:locale\" content=\"de_DE\" \/>\n<meta property=\"og:type\" content=\"article\" \/>\n<meta property=\"og:title\" content=\"Home - Coaching-Schulungen-Basel\" \/>\n<meta property=\"og:description\" content=\"Sabine Waelti Coaching und Schulungen in Basel \u2013 Herzlich willkommen Du willst beruflich und privat deine Herzens-Anliegen und deine Werte leben k\u00f6nnen? Du m\u00f6chtest das, was dich einzigartig macht, bei deiner Arbeit sowie privat als St\u00e4rke nutzen? Du findest das nicht immer einfach. Vielleicht, weil deine sensiblen Seiten vordergr\u00fcndig nicht so gefragt scheinen? Oder andere [&hellip;]\" \/>\n<meta property=\"og:url\" content=\"https:\/\/coaching-schulungen-basel.ch\/\" \/>\n<meta property=\"og:site_name\" content=\"Coaching-Schulungen-Basel\" \/>\n<meta property=\"article:modified_time\" content=\"2025-10-12T12:50:05+00:00\" \/>\n<meta property=\"og:image\" content=\"https:\/\/coaching-schulungen-basel.ch\/wp-content\/uploads\/2025\/02\/Sabine_Waelti_Coaching_und_Schulungen-1-scaled.jpg\" \/>\n\t<meta property=\"og:image:width\" content=\"2560\" \/>\n\t<meta property=\"og:image:height\" content=\"1037\" \/>\n\t<meta property=\"og:image:type\" content=\"image\/jpeg\" \/>\n<meta name=\"twitter:card\" content=\"summary_large_image\" \/>\n<meta name=\"twitter:label1\" content=\"Gesch\u00e4tzte Lesezeit\" \/>\n\t<meta name=\"twitter:data1\" content=\"2\u00a0Minuten\" \/>\n<script type=\"application\/ld+json\" class=\"yoast-schema-graph\">{\"@context\":\"https:\/\/schema.org\",\"@graph\":[{\"@type\":\"WebPage\",\"@id\":\"https:\/\/coaching-schulungen-basel.ch\/\",\"url\":\"https:\/\/coaching-schulungen-basel.ch\/\",\"name\":\"Home - Coaching-Schulungen-Basel\",\"isPartOf\":{\"@id\":\"https:\/\/coaching-schulungen-basel.ch\/#website\"},\"primaryImageOfPage\":{\"@id\":\"https:\/\/coaching-schulungen-basel.ch\/#primaryimage\"},\"image\":{\"@id\":\"https:\/\/coaching-schulungen-basel.ch\/#primaryimage\"},\"thumbnailUrl\":\"https:\/\/coaching-schulungen-basel.ch\/wp-content\/uploads\/2025\/02\/Sabine_Waelti_Coaching_und_Schulungen-1-1024x415.jpg\",\"datePublished\":\"2025-01-03T18:00:45+00:00\",\"dateModified\":\"2025-10-12T12:50:05+00:00\",\"breadcrumb\":{\"@id\":\"https:\/\/coaching-schulungen-basel.ch\/#breadcrumb\"},\"inLanguage\":\"de-CH\",\"potentialAction\":[{\"@type\":\"ReadAction\",\"target\":[\"https:\/\/coaching-schulungen-basel.ch\/\"]}]},{\"@type\":\"ImageObject\",\"inLanguage\":\"de-CH\",\"@id\":\"https:\/\/coaching-schulungen-basel.ch\/#primaryimage\",\"url\":\"https:\/\/coaching-schulungen-basel.ch\/wp-content\/uploads\/2025\/02\/Sabine_Waelti_Coaching_und_Schulungen-1-scaled.jpg\",\"contentUrl\":\"https:\/\/coaching-schulungen-basel.ch\/wp-content\/uploads\/2025\/02\/Sabine_Waelti_Coaching_und_Schulungen-1-scaled.jpg\",\"width\":2560,\"height\":1037},{\"@type\":\"BreadcrumbList\",\"@id\":\"https:\/\/coaching-schulungen-basel.ch\/#breadcrumb\",\"itemListElement\":[{\"@type\":\"ListItem\",\"position\":1,\"name\":\"Startseite\",\"item\":\"https:\/\/coaching-schulungen-basel.ch\/\"},{\"@type\":\"ListItem\",\"position\":2,\"name\":\"Home\"}]},{\"@type\":\"WebSite\",\"@id\":\"https:\/\/coaching-schulungen-basel.ch\/#website\",\"url\":\"https:\/\/coaching-schulungen-basel.ch\/\",\"name\":\"Coaching-Schulungen-Basel\",\"description\":\"\",\"publisher\":{\"@id\":\"https:\/\/coaching-schulungen-basel.ch\/#organization\"},\"potentialAction\":[{\"@type\":\"SearchAction\",\"target\":{\"@type\":\"EntryPoint\",\"urlTemplate\":\"https:\/\/coaching-schulungen-basel.ch\/?s={search_term_string}\"},\"query-input\":{\"@type\":\"PropertyValueSpecification\",\"valueRequired\":true,\"valueName\":\"search_term_string\"}}],\"inLanguage\":\"de-CH\"},{\"@type\":\"Organization\",\"@id\":\"https:\/\/coaching-schulungen-basel.ch\/#organization\",\"name\":\"Coaching-Schulungen-Basel\",\"url\":\"https:\/\/coaching-schulungen-basel.ch\/\",\"logo\":{\"@type\":\"ImageObject\",\"inLanguage\":\"de-CH\",\"@id\":\"https:\/\/coaching-schulungen-basel.ch\/#\/schema\/logo\/image\/\",\"url\":\"https:\/\/coaching-schulungen-basel.ch\/wp-content\/uploads\/2025\/01\/cropped-Logo-fuer-Briefkopf-etc-1.png\",\"contentUrl\":\"https:\/\/coaching-schulungen-basel.ch\/wp-content\/uploads\/2025\/01\/cropped-Logo-fuer-Briefkopf-etc-1.png\",\"width\":647,\"height\":341,\"caption\":\"Coaching-Schulungen-Basel\"},\"image\":{\"@id\":\"https:\/\/coaching-schulungen-basel.ch\/#\/schema\/logo\/image\/\"}}]}<\/script>\n<!-- \/ Yoast SEO plugin. -->","yoast_head_json":{"title":"Home - Coaching-Schulungen-Basel","robots":{"index":"index","follow":"follow","max-snippet":"max-snippet:-1","max-image-preview":"max-image-preview:large","max-video-preview":"max-video-preview:-1"},"canonical":"https:\/\/coaching-schulungen-basel.ch\/","og_locale":"de_DE","og_type":"article","og_title":"Home - Coaching-Schulungen-Basel","og_description":"Sabine Waelti Coaching und Schulungen in Basel \u2013 Herzlich willkommen Du willst beruflich und privat deine Herzens-Anliegen und deine Werte leben k\u00f6nnen? Du m\u00f6chtest das, was dich einzigartig macht, bei deiner Arbeit sowie privat als St\u00e4rke nutzen? Du findest das nicht immer einfach. Vielleicht, weil deine sensiblen Seiten vordergr\u00fcndig nicht so gefragt scheinen? Oder andere [&hellip;]","og_url":"https:\/\/coaching-schulungen-basel.ch\/","og_site_name":"Coaching-Schulungen-Basel","article_modified_time":"2025-10-12T12:50:05+00:00","og_image":[{"width":2560,"height":1037,"url":"https:\/\/coaching-schulungen-basel.ch\/wp-content\/uploads\/2025\/02\/Sabine_Waelti_Coaching_und_Schulungen-1-scaled.jpg","type":"image\/jpeg"}],"twitter_card":"summary_large_image","twitter_misc":{"Gesch\u00e4tzte Lesezeit":"2\u00a0Minuten"},"schema":{"@context":"https:\/\/schema.org","@graph":[{"@type":"WebPage","@id":"https:\/\/coaching-schulungen-basel.ch\/","url":"https:\/\/coaching-schulungen-basel.ch\/","name":"Home - Coaching-Schulungen-Basel","isPartOf":{"@id":"https:\/\/coaching-schulungen-basel.ch\/#website"},"primaryImageOfPage":{"@id":"https:\/\/coaching-schulungen-basel.ch\/#primaryimage"},"image":{"@id":"https:\/\/coaching-schulungen-basel.ch\/#primaryimage"},"thumbnailUrl":"https:\/\/coaching-schulungen-basel.ch\/wp-content\/uploads\/2025\/02\/Sabine_Waelti_Coaching_und_Schulungen-1-1024x415.jpg","datePublished":"2025-01-03T18:00:45+00:00","dateModified":"2025-10-12T12:50:05+00:00","breadcrumb":{"@id":"https:\/\/coaching-schulungen-basel.ch\/#breadcrumb"},"inLanguage":"de-CH","potentialAction":[{"@type":"ReadAction","target":["https:\/\/coaching-schulungen-basel.ch\/"]}]},{"@type":"ImageObject","inLanguage":"de-CH","@id":"https:\/\/coaching-schulungen-basel.ch\/#primaryimage","url":"https:\/\/coaching-schulungen-basel.ch\/wp-content\/uploads\/2025\/02\/Sabine_Waelti_Coaching_und_Schulungen-1-scaled.jpg","contentUrl":"https:\/\/coaching-schulungen-basel.ch\/wp-content\/uploads\/2025\/02\/Sabine_Waelti_Coaching_und_Schulungen-1-scaled.jpg","width":2560,"height":1037},{"@type":"BreadcrumbList","@id":"https:\/\/coaching-schulungen-basel.ch\/#breadcrumb","itemListElement":[{"@type":"ListItem","position":1,"name":"Startseite","item":"https:\/\/coaching-schulungen-basel.ch\/"},{"@type":"ListItem","position":2,"name":"Home"}]},{"@type":"WebSite","@id":"https:\/\/coaching-schulungen-basel.ch\/#website","url":"https:\/\/coaching-schulungen-basel.ch\/","name":"Coaching-Schulungen-Basel","description":"","publisher":{"@id":"https:\/\/coaching-schulungen-basel.ch\/#organization"},"potentialAction":[{"@type":"SearchAction","target":{"@type":"EntryPoint","urlTemplate":"https:\/\/coaching-schulungen-basel.ch\/?s={search_term_string}"},"query-input":{"@type":"PropertyValueSpecification","valueRequired":true,"valueName":"search_term_string"}}],"inLanguage":"de-CH"},{"@type":"Organization","@id":"https:\/\/coaching-schulungen-basel.ch\/#organization","name":"Coaching-Schulungen-Basel","url":"https:\/\/coaching-schulungen-basel.ch\/","logo":{"@type":"ImageObject","inLanguage":"de-CH","@id":"https:\/\/coaching-schulungen-basel.ch\/#\/schema\/logo\/image\/","url":"https:\/\/coaching-schulungen-basel.ch\/wp-content\/uploads\/2025\/01\/cropped-Logo-fuer-Briefkopf-etc-1.png","contentUrl":"https:\/\/coaching-schulungen-basel.ch\/wp-content\/uploads\/2025\/01\/cropped-Logo-fuer-Briefkopf-etc-1.png","width":647,"height":341,"caption":"Coaching-Schulungen-Basel"},"image":{"@id":"https:\/\/coaching-schulungen-basel.ch\/#\/schema\/logo\/image\/"}}]}},"_links":{"self":[{"href":"https:\/\/coaching-schulungen-basel.ch\/index.php?rest_route=\/wp\/v2\/pages\/52","targetHints":{"allow":["GET"]}}],"collection":[{"href":"https:\/\/coaching-schulungen-basel.ch\/index.php?rest_route=\/wp\/v2\/pages"}],"about":[{"href":"https:\/\/coaching-schulungen-basel.ch\/index.php?rest_route=\/wp\/v2\/types\/page"}],"author":[{"embeddable":true,"href":"https:\/\/coaching-schulungen-basel.ch\/index.php?rest_route=\/wp\/v2\/users\/1"}],"replies":[{"embeddable":true,"href":"https:\/\/coaching-schulungen-basel.ch\/index.php?rest_route=%2Fwp%2Fv2%2Fcomments&post=52"}],"version-history":[{"count":100,"href":"https:\/\/coaching-schulungen-basel.ch\/index.php?rest_route=\/wp\/v2\/pages\/52\/revisions"}],"predecessor-version":[{"id":595,"href":"https:\/\/coaching-schulungen-basel.ch\/index.php?rest_route=\/wp\/v2\/pages\/52\/revisions\/595"}],"wp:attachment":[{"href":"https:\/\/coaching-schulungen-basel.ch\/index.php?rest_route=%2Fwp%2Fv2%2Fmedia&parent=52"}],"curies":[{"name":"wp","href":"https:\/\/api.w.org\/{rel}","templated":true}]}}